{"id":2778,"date":"2026-03-23T23:14:42","date_gmt":"2026-03-23T23:14:42","guid":{"rendered":"https:\/\/binbogakuruyemis.com\/?post_type=product&#038;p=2778"},"modified":"2026-04-16T16:12:05","modified_gmt":"2026-04-16T16:12:05","slug":"makademya-findik-ici","status":"publish","type":"product","link":"https:\/\/binbogakuruyemis.com\/index.php\/urun\/makademya-findik-ici\/","title":{"rendered":"Makademya F\u0131nd\u0131k \u0130\u00e7i"},"content":{"rendered":"","protected":false},"excerpt":{"rendered":"","protected":false},"featured_media":3525,"template":"","meta":[],"product_brand":[],"product_cat":[121],"product_tag":[],"class_list":{"0":"post-2778","1":"product","2":"type-product","3":"status-publish","4":"has-post-thumbnail","6":"product_cat-kuruyemis","8":"first","9":"instock","10":"shipping-taxable","11":"purchasable","12":"product-type-variable"},"_links":{"self":[{"href":"https:\/\/binbogakuruyemis.com\/index.php\/wp-json\/wp\/v2\/product\/2778","targetHints":{"allow":["GET"]}}],"collection":[{"href":"https:\/\/binbogakuruyemis.com\/index.php\/wp-json\/wp\/v2\/product"}],"about":[{"href":"https:\/\/binbogakuruyemis.com\/index.php\/wp-json\/wp\/v2\/types\/product"}],"version-history":[{"count":1,"href":"https:\/\/binbogakuruyemis.com\/index.php\/wp-json\/wp\/v2\/product\/2778\/revisions"}],"predecessor-version":[{"id":2788,"href":"https:\/\/binbogakuruyemis.com\/index.php\/wp-json\/wp\/v2\/product\/2778\/revisions\/2788"}],"wp:featuredmedia":[{"embeddable":true,"href":"https:\/\/binbogakuruyemis.com\/index.php\/wp-json\/wp\/v2\/media\/3525"}],"wp:attachment":[{"href":"https:\/\/binbogakuruyemis.com\/index.php\/wp-json\/wp\/v2\/media?parent=2778"}],"wp:term":[{"taxonomy":"product_brand","embeddable":true,"href":"https:\/\/binbogakuruyemis.com\/index.php\/wp-json\/wp\/v2\/product_brand?post=2778"},{"taxonomy":"product_cat","embeddable":true,"href":"https:\/\/binbogakuruyemis.com\/index.php\/wp-json\/wp\/v2\/product_cat?post=2778"},{"taxonomy":"product_tag","embeddable":true,"href":"https:\/\/binbogakuruyemis.com\/index.php\/wp-json\/wp\/v2\/product_tag?post=2778"}],"curies":[{"name":"wp","href":"https:\/\/api.w.org\/{rel}","templated":true}]}}