{"id":2850,"date":"2026-03-23T23:15:04","date_gmt":"2026-03-23T23:15:04","guid":{"rendered":"https:\/\/binbogakuruyemis.com\/?post_type=product&#038;p=2850"},"modified":"2026-04-16T15:23:37","modified_gmt":"2026-04-16T15:23:37","slug":"yer-fistigi-kabuklu-kavrulmus","status":"publish","type":"product","link":"https:\/\/binbogakuruyemis.com\/index.php\/urun\/yer-fistigi-kabuklu-kavrulmus\/","title":{"rendered":"Yer F\u0131st\u0131\u011f\u0131 Kabuklu Kavrulmu\u015f"},"content":{"rendered":"","protected":false},"excerpt":{"rendered":"","protected":false},"featured_media":3550,"template":"","meta":[],"product_brand":[],"product_cat":[122],"product_tag":[],"class_list":{"0":"post-2850","1":"product","2":"type-product","3":"status-publish","4":"has-post-thumbnail","6":"product_cat-cyer","8":"first","9":"instock","10":"shipping-taxable","11":"purchasable","12":"product-type-variable"},"_links":{"self":[{"href":"https:\/\/binbogakuruyemis.com\/index.php\/wp-json\/wp\/v2\/product\/2850","targetHints":{"allow":["GET"]}}],"collection":[{"href":"https:\/\/binbogakuruyemis.com\/index.php\/wp-json\/wp\/v2\/product"}],"about":[{"href":"https:\/\/binbogakuruyemis.com\/index.php\/wp-json\/wp\/v2\/types\/product"}],"version-history":[{"count":1,"href":"https:\/\/binbogakuruyemis.com\/index.php\/wp-json\/wp\/v2\/product\/2850\/revisions"}],"predecessor-version":[{"id":2860,"href":"https:\/\/binbogakuruyemis.com\/index.php\/wp-json\/wp\/v2\/product\/2850\/revisions\/2860"}],"wp:featuredmedia":[{"embeddable":true,"href":"https:\/\/binbogakuruyemis.com\/index.php\/wp-json\/wp\/v2\/media\/3550"}],"wp:attachment":[{"href":"https:\/\/binbogakuruyemis.com\/index.php\/wp-json\/wp\/v2\/media?parent=2850"}],"wp:term":[{"taxonomy":"product_brand","embeddable":true,"href":"https:\/\/binbogakuruyemis.com\/index.php\/wp-json\/wp\/v2\/product_brand?post=2850"},{"taxonomy":"product_cat","embeddable":true,"href":"https:\/\/binbogakuruyemis.com\/index.php\/wp-json\/wp\/v2\/product_cat?post=2850"},{"taxonomy":"product_tag","embeddable":true,"href":"https:\/\/binbogakuruyemis.com\/index.php\/wp-json\/wp\/v2\/product_tag?post=2850"}],"curies":[{"name":"wp","href":"https:\/\/api.w.org\/{rel}","templated":true}]}}