{"id":2866,"date":"2026-03-23T23:15:09","date_gmt":"2026-03-23T23:15:09","guid":{"rendered":"https:\/\/binbogakuruyemis.com\/?post_type=product&#038;p=2866"},"modified":"2026-03-23T23:15:15","modified_gmt":"2026-03-23T23:15:15","slug":"yer-fistigi-luks-kavrulmus","status":"publish","type":"product","link":"https:\/\/binbogakuruyemis.com\/index.php\/urun\/yer-fistigi-luks-kavrulmus\/","title":{"rendered":"Yer F\u0131st\u0131\u011f\u0131 L\u00fcks Kavrulmu\u015f"},"content":{"rendered":"","protected":false},"excerpt":{"rendered":"","protected":false},"featured_media":0,"template":"","meta":[],"product_brand":[],"product_cat":[122],"product_tag":[],"class_list":{"0":"post-2866","1":"product","2":"type-product","3":"status-publish","5":"product_cat-cyer","7":"first","8":"instock","9":"shipping-taxable","10":"purchasable","11":"product-type-variable"},"_links":{"self":[{"href":"https:\/\/binbogakuruyemis.com\/index.php\/wp-json\/wp\/v2\/product\/2866","targetHints":{"allow":["GET"]}}],"collection":[{"href":"https:\/\/binbogakuruyemis.com\/index.php\/wp-json\/wp\/v2\/product"}],"about":[{"href":"https:\/\/binbogakuruyemis.com\/index.php\/wp-json\/wp\/v2\/types\/product"}],"version-history":[{"count":1,"href":"https:\/\/binbogakuruyemis.com\/index.php\/wp-json\/wp\/v2\/product\/2866\/revisions"}],"predecessor-version":[{"id":2892,"href":"https:\/\/binbogakuruyemis.com\/index.php\/wp-json\/wp\/v2\/product\/2866\/revisions\/2892"}],"wp:attachment":[{"href":"https:\/\/binbogakuruyemis.com\/index.php\/wp-json\/wp\/v2\/media?parent=2866"}],"wp:term":[{"taxonomy":"product_brand","embeddable":true,"href":"https:\/\/binbogakuruyemis.com\/index.php\/wp-json\/wp\/v2\/product_brand?post=2866"},{"taxonomy":"product_cat","embeddable":true,"href":"https:\/\/binbogakuruyemis.com\/index.php\/wp-json\/wp\/v2\/product_cat?post=2866"},{"taxonomy":"product_tag","embeddable":true,"href":"https:\/\/binbogakuruyemis.com\/index.php\/wp-json\/wp\/v2\/product_tag?post=2866"}],"curies":[{"name":"wp","href":"https:\/\/api.w.org\/{rel}","templated":true}]}}