{"id":2922,"date":"2026-03-23T23:15:19","date_gmt":"2026-03-23T23:15:19","guid":{"rendered":"https:\/\/binbogakuruyemis.com\/?post_type=product&#038;p=2922"},"modified":"2026-03-23T23:15:25","modified_gmt":"2026-03-23T23:15:25","slug":"yer-fistigi-kremasi-sekerli-1kg","status":"publish","type":"product","link":"https:\/\/binbogakuruyemis.com\/index.php\/urun\/yer-fistigi-kremasi-sekerli-1kg\/","title":{"rendered":"Yer F\u0131st\u0131\u011f\u0131 Kremas\u0131 \u015eekerli 1kg"},"content":{"rendered":"","protected":false},"excerpt":{"rendered":"","protected":false},"featured_media":0,"template":"","meta":[],"product_brand":[],"product_cat":[123],"product_tag":[],"class_list":{"0":"post-2922","1":"product","2":"type-product","3":"status-publish","5":"product_cat-sos","7":"first","8":"instock","9":"shipping-taxable","10":"purchasable","11":"product-type-variable"},"_links":{"self":[{"href":"https:\/\/binbogakuruyemis.com\/index.php\/wp-json\/wp\/v2\/product\/2922","targetHints":{"allow":["GET"]}}],"collection":[{"href":"https:\/\/binbogakuruyemis.com\/index.php\/wp-json\/wp\/v2\/product"}],"about":[{"href":"https:\/\/binbogakuruyemis.com\/index.php\/wp-json\/wp\/v2\/types\/product"}],"version-history":[{"count":1,"href":"https:\/\/binbogakuruyemis.com\/index.php\/wp-json\/wp\/v2\/product\/2922\/revisions"}],"predecessor-version":[{"id":2932,"href":"https:\/\/binbogakuruyemis.com\/index.php\/wp-json\/wp\/v2\/product\/2922\/revisions\/2932"}],"wp:attachment":[{"href":"https:\/\/binbogakuruyemis.com\/index.php\/wp-json\/wp\/v2\/media?parent=2922"}],"wp:term":[{"taxonomy":"product_brand","embeddable":true,"href":"https:\/\/binbogakuruyemis.com\/index.php\/wp-json\/wp\/v2\/product_brand?post=2922"},{"taxonomy":"product_cat","embeddable":true,"href":"https:\/\/binbogakuruyemis.com\/index.php\/wp-json\/wp\/v2\/product_cat?post=2922"},{"taxonomy":"product_tag","embeddable":true,"href":"https:\/\/binbogakuruyemis.com\/index.php\/wp-json\/wp\/v2\/product_tag?post=2922"}],"curies":[{"name":"wp","href":"https:\/\/api.w.org\/{rel}","templated":true}]}}