{"id":3169,"date":"2026-03-23T23:16:27","date_gmt":"2026-03-23T23:16:27","guid":{"rendered":"https:\/\/binbogakuruyemis.com\/?post_type=product&#038;p=3169"},"modified":"2026-03-23T23:16:31","modified_gmt":"2026-03-23T23:16:31","slug":"antep-fistikli-yaprak-cezerye","status":"publish","type":"product","link":"https:\/\/binbogakuruyemis.com\/index.php\/urun\/antep-fistikli-yaprak-cezerye\/","title":{"rendered":"Antep F\u0131st\u0131kl\u0131 Yaprak Cezerye"},"content":{"rendered":"","protected":false},"excerpt":{"rendered":"","protected":false},"featured_media":0,"template":"","meta":[],"product_brand":[],"product_cat":[126],"product_tag":[],"class_list":{"0":"post-3169","1":"product","2":"type-product","3":"status-publish","5":"product_cat-lokum","7":"first","8":"instock","9":"shipping-taxable","10":"purchasable","11":"product-type-variable"},"_links":{"self":[{"href":"https:\/\/binbogakuruyemis.com\/index.php\/wp-json\/wp\/v2\/product\/3169","targetHints":{"allow":["GET"]}}],"collection":[{"href":"https:\/\/binbogakuruyemis.com\/index.php\/wp-json\/wp\/v2\/product"}],"about":[{"href":"https:\/\/binbogakuruyemis.com\/index.php\/wp-json\/wp\/v2\/types\/product"}],"version-history":[{"count":1,"href":"https:\/\/binbogakuruyemis.com\/index.php\/wp-json\/wp\/v2\/product\/3169\/revisions"}],"predecessor-version":[{"id":3183,"href":"https:\/\/binbogakuruyemis.com\/index.php\/wp-json\/wp\/v2\/product\/3169\/revisions\/3183"}],"wp:attachment":[{"href":"https:\/\/binbogakuruyemis.com\/index.php\/wp-json\/wp\/v2\/media?parent=3169"}],"wp:term":[{"taxonomy":"product_brand","embeddable":true,"href":"https:\/\/binbogakuruyemis.com\/index.php\/wp-json\/wp\/v2\/product_brand?post=3169"},{"taxonomy":"product_cat","embeddable":true,"href":"https:\/\/binbogakuruyemis.com\/index.php\/wp-json\/wp\/v2\/product_cat?post=3169"},{"taxonomy":"product_tag","embeddable":true,"href":"https:\/\/binbogakuruyemis.com\/index.php\/wp-json\/wp\/v2\/product_tag?post=3169"}],"curies":[{"name":"wp","href":"https:\/\/api.w.org\/{rel}","templated":true}]}}